{"id":768,"date":"2020-12-25T21:11:49","date_gmt":"2020-12-25T20:11:49","guid":{"rendered":"https:\/\/wjednastrone.pl\/?page_id=768"},"modified":"2021-10-28T19:06:26","modified_gmt":"2021-10-28T17:06:26","slug":"one-way-only-here-and-there","status":"publish","type":"page","link":"https:\/\/wjednastrone.pl\/?page_id=768&lang=en","title":{"rendered":"One way only: here and there"},"content":{"rendered":"\n<p>For now, this blog has only a&nbsp;few posts in English (see the category: Catalonia), but all my posts on\u00a0<a href=\"https:\/\/www.instagram.com\/wjednastrone.pl\/\" target=\"_blank\" rel=\"noreferrer noopener\">Instagram<\/a>\u00a0and\u00a0<a href=\"https:\/\/www.facebook.com\/wjednastrone\" target=\"_blank\" rel=\"noreferrer noopener\">Facebook<\/a>\u00a0have an English version.<\/p>\n\n\n\n<div class=\"wp-block-columns is-layout-flex wp-container-3\">\n<div class=\"wp-block-column is-layout-flow\">\n<h3 class=\"wp-block-heading\">Poland<\/h3>\n\n\n\n<figure class=\"wp-block-image size-large\"><a href=\"https:\/\/wjednastrone.pl\/?cat=43\"><img decoding=\"async\" loading=\"lazy\" width=\"1024\" height=\"682\" src=\"https:\/\/wjednastrone.pl\/wp-content\/uploads\/2020\/10\/DSC08753-1024x682.jpg\" alt=\"\" class=\"wp-image-771\" srcset=\"https:\/\/wjednastrone.pl\/wp-content\/uploads\/2020\/10\/DSC08753-1024x682.jpg 1024w, https:\/\/wjednastrone.pl\/wp-content\/uploads\/2020\/10\/DSC08753-300x200.jpg 300w, https:\/\/wjednastrone.pl\/wp-content\/uploads\/2020\/10\/DSC08753-768x511.jpg 768w, https:\/\/wjednastrone.pl\/wp-content\/uploads\/2020\/10\/DSC08753-1536x1023.jpg 1536w, https:\/\/wjednastrone.pl\/wp-content\/uploads\/2020\/10\/DSC08753-850x566.jpg 850w, https:\/\/wjednastrone.pl\/wp-content\/uploads\/2020\/10\/DSC08753.jpg 1622w\" sizes=\"(max-width: 1024px) 100vw, 1024px\" \/><\/a><\/figure>\n\n\n\n<p><em>(nothing here yet)<\/em><\/p>\n<\/div>\n\n\n\n<div class=\"wp-block-column is-layout-flow\">\n<h3 class=\"wp-block-heading\"><a href=\"https:\/\/wjednastrone.pl\/?cat=66&amp;lang=en\">Catalonia<\/a><\/h3>\n\n\n\n<figure class=\"wp-block-image size-large\"><a href=\"https:\/\/wjednastrone.pl\/?cat=66&amp;lang=en\"><img decoding=\"async\" loading=\"lazy\" width=\"1024\" height=\"683\" src=\"https:\/\/wjednastrone.pl\/wp-content\/uploads\/2020\/10\/IMG_20200912_191735-1024x683.jpg\" alt=\"\" class=\"wp-image-770\" srcset=\"https:\/\/wjednastrone.pl\/wp-content\/uploads\/2020\/10\/IMG_20200912_191735-1024x683.jpg 1024w, https:\/\/wjednastrone.pl\/wp-content\/uploads\/2020\/10\/IMG_20200912_191735-300x200.jpg 300w, https:\/\/wjednastrone.pl\/wp-content\/uploads\/2020\/10\/IMG_20200912_191735-768x512.jpg 768w, https:\/\/wjednastrone.pl\/wp-content\/uploads\/2020\/10\/IMG_20200912_191735-1536x1024.jpg 1536w, https:\/\/wjednastrone.pl\/wp-content\/uploads\/2020\/10\/IMG_20200912_191735-850x567.jpg 850w, https:\/\/wjednastrone.pl\/wp-content\/uploads\/2020\/10\/IMG_20200912_191735.jpg 1620w\" sizes=\"(max-width: 1024px) 100vw, 1024px\" \/><\/a><\/figure>\n<\/div>\n<\/div>\n","protected":false},"excerpt":{"rendered":"<p>For now, this blog has only a&nbsp;few posts in English (see the category: Catalonia), but all my posts on\u00a0Instagram\u00a0and\u00a0Facebook\u00a0have an English version. Poland (nothing here yet) Catalonia<\/p>\n","protected":false},"author":2,"featured_media":0,"parent":0,"menu_order":0,"comment_status":"closed","ping_status":"closed","template":"elementor_header_footer","meta":{"_uag_custom_page_level_css":"","_mi_skip_tracking":false},"yoast_head":"<!-- This site is optimized with the Yoast SEO plugin v20.6 - https:\/\/yoast.com\/wordpress\/plugins\/seo\/ -->\n<title>One way only: here and there - W jedn\u0105 stron\u0119<\/title>\n<meta name=\"robots\" content=\"index, follow, max-snippet:-1, max-image-preview:large, max-video-preview:-1\" \/>\n<link rel=\"canonical\" href=\"https:\/\/wjednastrone.pl\/?page_id=768\" \/>\n<meta property=\"og:locale\" content=\"pl_PL\" \/>\n<meta property=\"og:type\" content=\"article\" \/>\n<meta property=\"og:title\" content=\"One way only: here and there - W jedn\u0105 stron\u0119\" \/>\n<meta property=\"og:description\" content=\"For now, this blog has only a&nbsp;few posts in English (see the category: Catalonia), but all my posts on\u00a0Instagram\u00a0and\u00a0Facebook\u00a0have an English version. Poland (nothing here yet) Catalonia\" \/>\n<meta property=\"og:url\" content=\"https:\/\/wjednastrone.pl\/?page_id=768&amp;lang=en\" \/>\n<meta property=\"og:site_name\" content=\"W jedn\u0105 stron\u0119\" \/>\n<meta property=\"article:modified_time\" content=\"2021-10-28T17:06:26+00:00\" \/>\n<meta property=\"og:image\" content=\"https:\/\/wjednastrone.pl\/wp-content\/uploads\/2020\/10\/DSC08753-1024x682.jpg\" \/>\n<meta name=\"twitter:card\" content=\"summary_large_image\" \/>\n<meta name=\"twitter:label1\" content=\"Szacowany czas czytania\" \/>\n\t<meta name=\"twitter:data1\" content=\"1 minuta\" \/>\n<script type=\"application\/ld+json\" class=\"yoast-schema-graph\">{\"@context\":\"https:\/\/schema.org\",\"@graph\":[{\"@type\":\"WebPage\",\"@id\":\"https:\/\/wjednastrone.pl\/?page_id=768&lang=en\",\"url\":\"https:\/\/wjednastrone.pl\/?page_id=768&lang=en\",\"name\":\"One way only: here and there - W jedn\u0105 stron\u0119\",\"isPartOf\":{\"@id\":\"https:\/\/wjednastrone.pl\/#website\"},\"datePublished\":\"2020-12-25T20:11:49+00:00\",\"dateModified\":\"2021-10-28T17:06:26+00:00\",\"breadcrumb\":{\"@id\":\"https:\/\/wjednastrone.pl\/?page_id=768&lang=en#breadcrumb\"},\"inLanguage\":\"pl-PL\",\"potentialAction\":[{\"@type\":\"ReadAction\",\"target\":[\"https:\/\/wjednastrone.pl\/?page_id=768&lang=en\"]}]},{\"@type\":\"BreadcrumbList\",\"@id\":\"https:\/\/wjednastrone.pl\/?page_id=768&lang=en#breadcrumb\",\"itemListElement\":[{\"@type\":\"ListItem\",\"position\":1,\"name\":\"Home\",\"item\":\"https:\/\/wjednastrone.pl\/\"},{\"@type\":\"ListItem\",\"position\":2,\"name\":\"One way only: here and there\"}]},{\"@type\":\"WebSite\",\"@id\":\"https:\/\/wjednastrone.pl\/#website\",\"url\":\"https:\/\/wjednastrone.pl\/\",\"name\":\"W jedn\u0105 stron\u0119\",\"description\":\"S\u0142owa w \u0142a\u0144cuch wplecione\",\"potentialAction\":[{\"@type\":\"SearchAction\",\"target\":{\"@type\":\"EntryPoint\",\"urlTemplate\":\"https:\/\/wjednastrone.pl\/?s={search_term_string}\"},\"query-input\":\"required name=search_term_string\"}],\"inLanguage\":\"pl-PL\"}]}<\/script>\n<!-- \/ Yoast SEO plugin. -->","yoast_head_json":{"title":"One way only: here and there - W jedn\u0105 stron\u0119","robots":{"index":"index","follow":"follow","max-snippet":"max-snippet:-1","max-image-preview":"max-image-preview:large","max-video-preview":"max-video-preview:-1"},"canonical":"https:\/\/wjednastrone.pl\/?page_id=768","og_locale":"pl_PL","og_type":"article","og_title":"One way only: here and there - W jedn\u0105 stron\u0119","og_description":"For now, this blog has only a&nbsp;few posts in English (see the category: Catalonia), but all my posts on\u00a0Instagram\u00a0and\u00a0Facebook\u00a0have an English version. Poland (nothing here yet) Catalonia","og_url":"https:\/\/wjednastrone.pl\/?page_id=768&lang=en","og_site_name":"W jedn\u0105 stron\u0119","article_modified_time":"2021-10-28T17:06:26+00:00","og_image":[{"url":"https:\/\/wjednastrone.pl\/wp-content\/uploads\/2020\/10\/DSC08753-1024x682.jpg"}],"twitter_card":"summary_large_image","twitter_misc":{"Szacowany czas czytania":"1 minuta"},"schema":{"@context":"https:\/\/schema.org","@graph":[{"@type":"WebPage","@id":"https:\/\/wjednastrone.pl\/?page_id=768&lang=en","url":"https:\/\/wjednastrone.pl\/?page_id=768&lang=en","name":"One way only: here and there - W jedn\u0105 stron\u0119","isPartOf":{"@id":"https:\/\/wjednastrone.pl\/#website"},"datePublished":"2020-12-25T20:11:49+00:00","dateModified":"2021-10-28T17:06:26+00:00","breadcrumb":{"@id":"https:\/\/wjednastrone.pl\/?page_id=768&lang=en#breadcrumb"},"inLanguage":"pl-PL","potentialAction":[{"@type":"ReadAction","target":["https:\/\/wjednastrone.pl\/?page_id=768&lang=en"]}]},{"@type":"BreadcrumbList","@id":"https:\/\/wjednastrone.pl\/?page_id=768&lang=en#breadcrumb","itemListElement":[{"@type":"ListItem","position":1,"name":"Home","item":"https:\/\/wjednastrone.pl\/"},{"@type":"ListItem","position":2,"name":"One way only: here and there"}]},{"@type":"WebSite","@id":"https:\/\/wjednastrone.pl\/#website","url":"https:\/\/wjednastrone.pl\/","name":"W jedn\u0105 stron\u0119","description":"S\u0142owa w \u0142a\u0144cuch wplecione","potentialAction":[{"@type":"SearchAction","target":{"@type":"EntryPoint","urlTemplate":"https:\/\/wjednastrone.pl\/?s={search_term_string}"},"query-input":"required name=search_term_string"}],"inLanguage":"pl-PL"}]}},"uagb_featured_image_src":{"full":false,"thumbnail":false,"medium":false,"medium_large":false,"large":false,"1536x1536":false,"2048x2048":false,"post-thumbnail":false,"imagegridly-grid":false,"imagegridly-slider":false,"imagegridly-small":false},"uagb_author_info":{"display_name":"Przemek","author_link":"https:\/\/wjednastrone.pl\/?author=2"},"uagb_comment_info":0,"uagb_excerpt":"For now, this blog has only a&nbsp;few posts in English (see the category: Catalonia), but all my posts on\u00a0Instagram\u00a0and\u00a0Facebook\u00a0have an English version. Poland (nothing here yet) Catalonia","_links":{"self":[{"href":"https:\/\/wjednastrone.pl\/index.php?rest_route=\/wp\/v2\/pages\/768"}],"collection":[{"href":"https:\/\/wjednastrone.pl\/index.php?rest_route=\/wp\/v2\/pages"}],"about":[{"href":"https:\/\/wjednastrone.pl\/index.php?rest_route=\/wp\/v2\/types\/page"}],"author":[{"embeddable":true,"href":"https:\/\/wjednastrone.pl\/index.php?rest_route=\/wp\/v2\/users\/2"}],"replies":[{"embeddable":true,"href":"https:\/\/wjednastrone.pl\/index.php?rest_route=%2Fwp%2Fv2%2Fcomments&post=768"}],"version-history":[{"count":8,"href":"https:\/\/wjednastrone.pl\/index.php?rest_route=\/wp\/v2\/pages\/768\/revisions"}],"predecessor-version":[{"id":1281,"href":"https:\/\/wjednastrone.pl\/index.php?rest_route=\/wp\/v2\/pages\/768\/revisions\/1281"}],"wp:attachment":[{"href":"https:\/\/wjednastrone.pl\/index.php?rest_route=%2Fwp%2Fv2%2Fmedia&parent=768"}],"curies":[{"name":"wp","href":"https:\/\/api.w.org\/{rel}","templated":true}]}}