{"id":557,"date":"2020-10-12T22:59:50","date_gmt":"2020-10-12T20:59:50","guid":{"rendered":"https:\/\/wjednastrone.pl\/?page_id=557"},"modified":"2020-12-25T21:14:08","modified_gmt":"2020-12-25T20:14:08","slug":"w-jedna-strone-tu-i-tam","status":"publish","type":"page","link":"https:\/\/wjednastrone.pl\/","title":{"rendered":"W jedn\u0105 stron\u0119: tu i tam"},"content":{"rendered":"\n<p>Min\u0119\u0142o ledwie p\u00f3\u0142 roku, odk\u0105d dziel\u0119 si\u0119 z&nbsp;Wami tym, co prze\u017cywam na&nbsp;rowerze. Gdzie je\u017cd\u017c\u0119, co widz\u0119 i&nbsp;jak to si\u0119 odbija na&nbsp;psychice&nbsp;\ud83d\ude09 Tylko kilka miesi\u0119cy, a&nbsp;ju\u017c okazuje si\u0119, \u017ce&nbsp;inspiracja dla&nbsp;nazwy i&nbsp;formu\u0142y wpis\u00f3w, czyli&nbsp;&#8222;bilet <strong>w&nbsp;jedn\u0105 stron\u0119<\/strong>&#8222;, to bardziej wyj\u0105tek, ni\u017c regu\u0142a w&nbsp;tym, jak je\u017cd\u017c\u0119 i&nbsp;gdzie je\u017cd\u017c\u0119. Niech wi\u0119c&nbsp;nazwa pozostanie, ale&nbsp;z&nbsp;nowym dopiskiem, kt\u00f3ry wkr\u00f3tce stanie si\u0119 ca\u0142kiem jasny.<\/p>\n\n\n\n<p>Pozdrawiam i&nbsp;zapraszam!<\/p>\n\n\n\n<div class=\"wp-block-columns is-layout-flex wp-container-3\">\n<div class=\"wp-block-column is-layout-flow\">\n<h3 class=\"wp-block-heading\"><a href=\"https:\/\/wjednastrone.pl\/?cat=43\">Tu&#8230;<\/a><\/h3>\n\n\n\n<figure class=\"wp-block-image size-large\"><a href=\"https:\/\/wjednastrone.pl\/?cat=43\"><img decoding=\"async\" loading=\"lazy\" width=\"1024\" height=\"682\" src=\"https:\/\/wjednastrone.pl\/wp-content\/uploads\/2020\/10\/DSC08753-1024x682.jpg\" alt=\"\" class=\"wp-image-563\" srcset=\"https:\/\/wjednastrone.pl\/wp-content\/uploads\/2020\/10\/DSC08753-1024x682.jpg 1024w, https:\/\/wjednastrone.pl\/wp-content\/uploads\/2020\/10\/DSC08753-300x200.jpg 300w, https:\/\/wjednastrone.pl\/wp-content\/uploads\/2020\/10\/DSC08753-768x511.jpg 768w, https:\/\/wjednastrone.pl\/wp-content\/uploads\/2020\/10\/DSC08753-1536x1023.jpg 1536w, https:\/\/wjednastrone.pl\/wp-content\/uploads\/2020\/10\/DSC08753-850x566.jpg 850w, https:\/\/wjednastrone.pl\/wp-content\/uploads\/2020\/10\/DSC08753.jpg 1622w\" sizes=\"(max-width: 1024px) 100vw, 1024px\" \/><\/a><\/figure>\n\n\n\n<p>Tu&#8230; czyli&nbsp;gdzie? Czy&nbsp;tu jest bardziej tam, gdzie to wszystko si\u0119 zacz\u0119\u0142o? Czy&nbsp;tam, sk\u0105d pochodz\u0119? A&nbsp;mo\u017ce &#8222;tu&#8221; jest w&nbsp;miejscu, gdzie jestem teraz? <\/p>\n\n\n\n<p>Jakiego\u015b wyboru trzeba dokona\u0107. Pos\u0142u\u017c\u0119 si\u0119 wi\u0119c&nbsp;kluczem geograficznym, a&nbsp;nie chronologicznym i&nbsp;za &#8222;tu&#8221; uznam <a href=\"https:\/\/wjednastrone.pl\/?cat=43\">Dolny \u015al\u0105sk<\/a>&#8230;<\/p>\n\n\n\n<p><\/p>\n\n\n\n<p><\/p>\n<\/div>\n\n\n\n<div class=\"wp-block-column is-layout-flow\">\n<h3 class=\"wp-block-heading\"><a href=\"https:\/\/wjednastrone.pl\/?cat=44\">i&nbsp;Tam<\/a><\/h3>\n\n\n\n<figure class=\"wp-block-image size-large\"><a href=\"https:\/\/wjednastrone.pl\/?cat=44\"><img decoding=\"async\" loading=\"lazy\" width=\"1024\" height=\"683\" src=\"https:\/\/wjednastrone.pl\/wp-content\/uploads\/2020\/10\/IMG_20200912_191735-1024x683.jpg\" alt=\"\" class=\"wp-image-564\" srcset=\"https:\/\/wjednastrone.pl\/wp-content\/uploads\/2020\/10\/IMG_20200912_191735-1024x683.jpg 1024w, https:\/\/wjednastrone.pl\/wp-content\/uploads\/2020\/10\/IMG_20200912_191735-300x200.jpg 300w, https:\/\/wjednastrone.pl\/wp-content\/uploads\/2020\/10\/IMG_20200912_191735-768x512.jpg 768w, https:\/\/wjednastrone.pl\/wp-content\/uploads\/2020\/10\/IMG_20200912_191735-1536x1024.jpg 1536w, https:\/\/wjednastrone.pl\/wp-content\/uploads\/2020\/10\/IMG_20200912_191735-850x567.jpg 850w, https:\/\/wjednastrone.pl\/wp-content\/uploads\/2020\/10\/IMG_20200912_191735.jpg 1620w\" sizes=\"(max-width: 1024px) 100vw, 1024px\" \/><\/a><\/figure>\n\n\n\n<p>A&nbsp;skoro za&nbsp;&#8222;tu&#8221; uzna\u0142em Dolny \u015al\u0105sk i&nbsp;jego okolice, si\u0142\u0105 rzeczy &#8222;tam&#8221; oznacza\u0107 b\u0119dzie miejsce, po&nbsp;kt\u00f3rym je\u017cd\u017c\u0119 teraz. Miejsce, gdzie wszystko pachnie nowo\u015bci\u0105 i&nbsp;sosnami piniowymi. Krain\u0119, gdzie tras p\u0142askich szuka\u0107 ze \u015bwiec\u0105, a&nbsp;i to z&nbsp;marn\u0105 szans\u0105 na&nbsp;sukces. Krain\u0119, w&nbsp;kt\u00f3r\u0105 &#8222;wkr\u0119cam si\u0119&#8221; z&nbsp;ka\u017cdym obrotem korby, niejednokrotkie trafiaj\u0105c nie do&nbsp;ko\u0144ca tam, gdzie planowa\u0142em.<\/p>\n\n\n\n<p>Taka jest moja rowerowa <a href=\"https:\/\/wjednastrone.pl\/?cat=44\">Katalonia<\/a>.<\/p>\n<\/div>\n<\/div>\n\n\n\n<p><\/p>\n","protected":false},"excerpt":{"rendered":"<p>Min\u0119\u0142o ledwie p\u00f3\u0142 roku, odk\u0105d dziel\u0119 si\u0119 z&nbsp;Wami tym, co prze\u017cywam na&nbsp;rowerze. Gdzie je\u017cd\u017c\u0119, co widz\u0119 i&nbsp;jak to si\u0119 odbija na&nbsp;psychice&nbsp;\ud83d\ude09 Tylko kilka miesi\u0119cy, a&nbsp;ju\u017c okazuje si\u0119, \u017ce&nbsp;inspiracja dla&nbsp;nazwy i&nbsp;formu\u0142y wpis\u00f3w, czyli&nbsp;&#8222;bilet w&nbsp;jedn\u0105 stron\u0119&#8222;, to bardziej wyj\u0105tek, ni\u017c regu\u0142a w&nbsp;tym, jak je\u017cd\u017c\u0119 i&nbsp;gdzie je\u017cd\u017c\u0119. Niech wi\u0119c&nbsp;nazwa pozostanie, ale&nbsp;z&nbsp;nowym dopiskiem, kt\u00f3ry wkr\u00f3tce stanie si\u0119 ca\u0142kiem jasny&#8230;.<\/p>\n","protected":false},"author":2,"featured_media":0,"parent":0,"menu_order":0,"comment_status":"closed","ping_status":"closed","template":"elementor_header_footer","meta":{"_uag_custom_page_level_css":"","_mi_skip_tracking":false},"yoast_head":"<!-- This site is optimized with the Yoast SEO plugin v20.6 - https:\/\/yoast.com\/wordpress\/plugins\/seo\/ -->\n<title>W jedn\u0105 stron\u0119: tu i tam - W jedn\u0105 stron\u0119<\/title>\n<meta name=\"robots\" content=\"index, follow, max-snippet:-1, max-image-preview:large, max-video-preview:-1\" \/>\n<link rel=\"canonical\" href=\"https:\/\/wjednastrone.pl\/\" \/>\n<meta property=\"og:locale\" content=\"pl_PL\" \/>\n<meta property=\"og:type\" content=\"article\" \/>\n<meta property=\"og:title\" content=\"W jedn\u0105 stron\u0119: tu i tam - W jedn\u0105 stron\u0119\" \/>\n<meta property=\"og:description\" content=\"Min\u0119\u0142o ledwie p\u00f3\u0142 roku, odk\u0105d dziel\u0119 si\u0119 z&nbsp;Wami tym, co prze\u017cywam na&nbsp;rowerze. Gdzie je\u017cd\u017c\u0119, co widz\u0119 i&nbsp;jak to si\u0119 odbija na&nbsp;psychice&nbsp;\ud83d\ude09 Tylko kilka miesi\u0119cy, a&nbsp;ju\u017c okazuje si\u0119, \u017ce&nbsp;inspiracja dla&nbsp;nazwy i&nbsp;formu\u0142y wpis\u00f3w, czyli&nbsp;&#8222;bilet w&nbsp;jedn\u0105 stron\u0119&#8222;, to bardziej wyj\u0105tek, ni\u017c regu\u0142a w&nbsp;tym, jak je\u017cd\u017c\u0119 i&nbsp;gdzie je\u017cd\u017c\u0119. Niech wi\u0119c&nbsp;nazwa pozostanie, ale&nbsp;z&nbsp;nowym dopiskiem, kt\u00f3ry wkr\u00f3tce stanie si\u0119 ca\u0142kiem jasny....\" \/>\n<meta property=\"og:url\" content=\"https:\/\/wjednastrone.pl\/\" \/>\n<meta property=\"og:site_name\" content=\"W jedn\u0105 stron\u0119\" \/>\n<meta property=\"article:modified_time\" content=\"2020-12-25T20:14:08+00:00\" \/>\n<meta property=\"og:image\" content=\"https:\/\/wjednastrone.pl\/wp-content\/uploads\/2020\/10\/DSC08753-1024x682.jpg\" \/>\n<meta name=\"twitter:card\" content=\"summary_large_image\" \/>\n<meta name=\"twitter:label1\" content=\"Szacowany czas czytania\" \/>\n\t<meta name=\"twitter:data1\" content=\"1 minuta\" \/>\n<script type=\"application\/ld+json\" class=\"yoast-schema-graph\">{\"@context\":\"https:\/\/schema.org\",\"@graph\":[{\"@type\":\"WebPage\",\"@id\":\"https:\/\/wjednastrone.pl\/\",\"url\":\"https:\/\/wjednastrone.pl\/\",\"name\":\"W jedn\u0105 stron\u0119: tu i tam - W jedn\u0105 stron\u0119\",\"isPartOf\":{\"@id\":\"https:\/\/wjednastrone.pl\/#website\"},\"datePublished\":\"2020-10-12T20:59:50+00:00\",\"dateModified\":\"2020-12-25T20:14:08+00:00\",\"breadcrumb\":{\"@id\":\"https:\/\/wjednastrone.pl\/#breadcrumb\"},\"inLanguage\":\"pl-PL\",\"potentialAction\":[{\"@type\":\"ReadAction\",\"target\":[\"https:\/\/wjednastrone.pl\/\"]}]},{\"@type\":\"BreadcrumbList\",\"@id\":\"https:\/\/wjednastrone.pl\/#breadcrumb\",\"itemListElement\":[{\"@type\":\"ListItem\",\"position\":1,\"name\":\"Home\",\"item\":\"https:\/\/wjednastrone.pl\/\"},{\"@type\":\"ListItem\",\"position\":2,\"name\":\"W jedn\u0105 stron\u0119: tu i tam\"}]},{\"@type\":\"WebSite\",\"@id\":\"https:\/\/wjednastrone.pl\/#website\",\"url\":\"https:\/\/wjednastrone.pl\/\",\"name\":\"W jedn\u0105 stron\u0119\",\"description\":\"S\u0142owa w \u0142a\u0144cuch wplecione\",\"potentialAction\":[{\"@type\":\"SearchAction\",\"target\":{\"@type\":\"EntryPoint\",\"urlTemplate\":\"https:\/\/wjednastrone.pl\/?s={search_term_string}\"},\"query-input\":\"required name=search_term_string\"}],\"inLanguage\":\"pl-PL\"}]}<\/script>\n<!-- \/ Yoast SEO plugin. -->","yoast_head_json":{"title":"W jedn\u0105 stron\u0119: tu i tam - W jedn\u0105 stron\u0119","robots":{"index":"index","follow":"follow","max-snippet":"max-snippet:-1","max-image-preview":"max-image-preview:large","max-video-preview":"max-video-preview:-1"},"canonical":"https:\/\/wjednastrone.pl\/","og_locale":"pl_PL","og_type":"article","og_title":"W jedn\u0105 stron\u0119: tu i tam - W jedn\u0105 stron\u0119","og_description":"Min\u0119\u0142o ledwie p\u00f3\u0142 roku, odk\u0105d dziel\u0119 si\u0119 z&nbsp;Wami tym, co prze\u017cywam na&nbsp;rowerze. Gdzie je\u017cd\u017c\u0119, co widz\u0119 i&nbsp;jak to si\u0119 odbija na&nbsp;psychice&nbsp;\ud83d\ude09 Tylko kilka miesi\u0119cy, a&nbsp;ju\u017c okazuje si\u0119, \u017ce&nbsp;inspiracja dla&nbsp;nazwy i&nbsp;formu\u0142y wpis\u00f3w, czyli&nbsp;&#8222;bilet w&nbsp;jedn\u0105 stron\u0119&#8222;, to bardziej wyj\u0105tek, ni\u017c regu\u0142a w&nbsp;tym, jak je\u017cd\u017c\u0119 i&nbsp;gdzie je\u017cd\u017c\u0119. Niech wi\u0119c&nbsp;nazwa pozostanie, ale&nbsp;z&nbsp;nowym dopiskiem, kt\u00f3ry wkr\u00f3tce stanie si\u0119 ca\u0142kiem jasny....","og_url":"https:\/\/wjednastrone.pl\/","og_site_name":"W jedn\u0105 stron\u0119","article_modified_time":"2020-12-25T20:14:08+00:00","og_image":[{"url":"https:\/\/wjednastrone.pl\/wp-content\/uploads\/2020\/10\/DSC08753-1024x682.jpg"}],"twitter_card":"summary_large_image","twitter_misc":{"Szacowany czas czytania":"1 minuta"},"schema":{"@context":"https:\/\/schema.org","@graph":[{"@type":"WebPage","@id":"https:\/\/wjednastrone.pl\/","url":"https:\/\/wjednastrone.pl\/","name":"W jedn\u0105 stron\u0119: tu i tam - W jedn\u0105 stron\u0119","isPartOf":{"@id":"https:\/\/wjednastrone.pl\/#website"},"datePublished":"2020-10-12T20:59:50+00:00","dateModified":"2020-12-25T20:14:08+00:00","breadcrumb":{"@id":"https:\/\/wjednastrone.pl\/#breadcrumb"},"inLanguage":"pl-PL","potentialAction":[{"@type":"ReadAction","target":["https:\/\/wjednastrone.pl\/"]}]},{"@type":"BreadcrumbList","@id":"https:\/\/wjednastrone.pl\/#breadcrumb","itemListElement":[{"@type":"ListItem","position":1,"name":"Home","item":"https:\/\/wjednastrone.pl\/"},{"@type":"ListItem","position":2,"name":"W jedn\u0105 stron\u0119: tu i tam"}]},{"@type":"WebSite","@id":"https:\/\/wjednastrone.pl\/#website","url":"https:\/\/wjednastrone.pl\/","name":"W jedn\u0105 stron\u0119","description":"S\u0142owa w \u0142a\u0144cuch wplecione","potentialAction":[{"@type":"SearchAction","target":{"@type":"EntryPoint","urlTemplate":"https:\/\/wjednastrone.pl\/?s={search_term_string}"},"query-input":"required name=search_term_string"}],"inLanguage":"pl-PL"}]}},"uagb_featured_image_src":{"full":false,"thumbnail":false,"medium":false,"medium_large":false,"large":false,"1536x1536":false,"2048x2048":false,"post-thumbnail":false,"imagegridly-grid":false,"imagegridly-slider":false,"imagegridly-small":false},"uagb_author_info":{"display_name":"Przemek","author_link":"https:\/\/wjednastrone.pl\/?author=2"},"uagb_comment_info":0,"uagb_excerpt":"Min\u0119\u0142o ledwie p\u00f3\u0142 roku, odk\u0105d dziel\u0119 si\u0119 z&nbsp;Wami tym, co prze\u017cywam na&nbsp;rowerze. Gdzie je\u017cd\u017c\u0119, co widz\u0119 i&nbsp;jak to si\u0119 odbija na&nbsp;psychice&nbsp;\ud83d\ude09 Tylko kilka miesi\u0119cy, a&nbsp;ju\u017c okazuje si\u0119, \u017ce&nbsp;inspiracja dla&nbsp;nazwy i&nbsp;formu\u0142y wpis\u00f3w, czyli&nbsp;&#8222;bilet w&nbsp;jedn\u0105 stron\u0119&#8222;, to bardziej wyj\u0105tek, ni\u017c regu\u0142a w&nbsp;tym, jak je\u017cd\u017c\u0119 i&nbsp;gdzie je\u017cd\u017c\u0119. Niech wi\u0119c&nbsp;nazwa pozostanie, ale&nbsp;z&nbsp;nowym dopiskiem, kt\u00f3ry wkr\u00f3tce stanie si\u0119 ca\u0142kiem jasny....","_links":{"self":[{"href":"https:\/\/wjednastrone.pl\/index.php?rest_route=\/wp\/v2\/pages\/557"}],"collection":[{"href":"https:\/\/wjednastrone.pl\/index.php?rest_route=\/wp\/v2\/pages"}],"about":[{"href":"https:\/\/wjednastrone.pl\/index.php?rest_route=\/wp\/v2\/types\/page"}],"author":[{"embeddable":true,"href":"https:\/\/wjednastrone.pl\/index.php?rest_route=\/wp\/v2\/users\/2"}],"replies":[{"embeddable":true,"href":"https:\/\/wjednastrone.pl\/index.php?rest_route=%2Fwp%2Fv2%2Fcomments&post=557"}],"version-history":[{"count":11,"href":"https:\/\/wjednastrone.pl\/index.php?rest_route=\/wp\/v2\/pages\/557\/revisions"}],"predecessor-version":[{"id":774,"href":"https:\/\/wjednastrone.pl\/index.php?rest_route=\/wp\/v2\/pages\/557\/revisions\/774"}],"wp:attachment":[{"href":"https:\/\/wjednastrone.pl\/index.php?rest_route=%2Fwp%2Fv2%2Fmedia&parent=557"}],"curies":[{"name":"wp","href":"https:\/\/api.w.org\/{rel}","templated":true}]}}