{"id":35,"date":"2020-03-29T16:28:58","date_gmt":"2020-03-29T14:28:58","guid":{"rendered":"http:\/\/wordpress1945852.home.pl\/autoinstalator\/wordpressplugins1\/?page_id=35"},"modified":"2020-03-29T16:28:58","modified_gmt":"2020-03-29T14:28:58","slug":"blog","status":"publish","type":"page","link":"https:\/\/wjednastrone.pl\/?page_id=35","title":{"rendered":"Blog"},"content":{"rendered":"","protected":false},"excerpt":{"rendered":"","protected":false},"author":1,"featured_media":0,"parent":0,"menu_order":0,"comment_status":"closed","ping_status":"closed","template":"","meta":{"_uag_custom_page_level_css":"","_mi_skip_tracking":false},"yoast_head":"<!-- This site is optimized with the Yoast SEO plugin v20.6 - https:\/\/yoast.com\/wordpress\/plugins\/seo\/ -->\n<title>Blog - W jedn\u0105 stron\u0119<\/title>\n<meta name=\"robots\" content=\"index, follow, max-snippet:-1, max-image-preview:large, max-video-preview:-1\" \/>\n<link rel=\"canonical\" href=\"https:\/\/wjednastrone.pl\/?page_id=35\" \/>\n<meta property=\"og:locale\" content=\"pl_PL\" \/>\n<meta property=\"og:type\" content=\"article\" \/>\n<meta property=\"og:title\" content=\"Blog - W jedn\u0105 stron\u0119\" \/>\n<meta property=\"og:url\" content=\"https:\/\/wjednastrone.pl\/?page_id=35\" \/>\n<meta property=\"og:site_name\" content=\"W jedn\u0105 stron\u0119\" \/>\n<meta name=\"twitter:card\" content=\"summary_large_image\" \/>\n<script type=\"application\/ld+json\" class=\"yoast-schema-graph\">{\"@context\":\"https:\/\/schema.org\",\"@graph\":[{\"@type\":[\"WebPage\",\"CollectionPage\"],\"@id\":\"https:\/\/wjednastrone.pl\/?page_id=35\",\"url\":\"https:\/\/wjednastrone.pl\/?page_id=35\",\"name\":\"Blog - W jedn\u0105 stron\u0119\",\"isPartOf\":{\"@id\":\"https:\/\/wjednastrone.pl\/#website\"},\"datePublished\":\"2020-03-29T14:28:58+00:00\",\"dateModified\":\"2020-03-29T14:28:58+00:00\",\"breadcrumb\":{\"@id\":\"https:\/\/wjednastrone.pl\/?page_id=35#breadcrumb\"},\"inLanguage\":\"pl-PL\"},{\"@type\":\"BreadcrumbList\",\"@id\":\"https:\/\/wjednastrone.pl\/?page_id=35#breadcrumb\",\"itemListElement\":[{\"@type\":\"ListItem\",\"position\":1,\"name\":\"Home\",\"item\":\"https:\/\/wjednastrone.pl\/\"},{\"@type\":\"ListItem\",\"position\":2,\"name\":\"Blog\"}]},{\"@type\":\"WebSite\",\"@id\":\"https:\/\/wjednastrone.pl\/#website\",\"url\":\"https:\/\/wjednastrone.pl\/\",\"name\":\"W jedn\u0105 stron\u0119\",\"description\":\"S\u0142owa w \u0142a\u0144cuch wplecione\",\"potentialAction\":[{\"@type\":\"SearchAction\",\"target\":{\"@type\":\"EntryPoint\",\"urlTemplate\":\"https:\/\/wjednastrone.pl\/?s={search_term_string}\"},\"query-input\":\"required name=search_term_string\"}],\"inLanguage\":\"pl-PL\"}]}<\/script>\n<!-- \/ Yoast SEO plugin. -->","yoast_head_json":{"title":"Blog - W jedn\u0105 stron\u0119","robots":{"index":"index","follow":"follow","max-snippet":"max-snippet:-1","max-image-preview":"max-image-preview:large","max-video-preview":"max-video-preview:-1"},"canonical":"https:\/\/wjednastrone.pl\/?page_id=35","og_locale":"pl_PL","og_type":"article","og_title":"Blog - W jedn\u0105 stron\u0119","og_url":"https:\/\/wjednastrone.pl\/?page_id=35","og_site_name":"W jedn\u0105 stron\u0119","twitter_card":"summary_large_image","schema":{"@context":"https:\/\/schema.org","@graph":[{"@type":["WebPage","CollectionPage"],"@id":"https:\/\/wjednastrone.pl\/?page_id=35","url":"https:\/\/wjednastrone.pl\/?page_id=35","name":"Blog - W jedn\u0105 stron\u0119","isPartOf":{"@id":"https:\/\/wjednastrone.pl\/#website"},"datePublished":"2020-03-29T14:28:58+00:00","dateModified":"2020-03-29T14:28:58+00:00","breadcrumb":{"@id":"https:\/\/wjednastrone.pl\/?page_id=35#breadcrumb"},"inLanguage":"pl-PL"},{"@type":"BreadcrumbList","@id":"https:\/\/wjednastrone.pl\/?page_id=35#breadcrumb","itemListElement":[{"@type":"ListItem","position":1,"name":"Home","item":"https:\/\/wjednastrone.pl\/"},{"@type":"ListItem","position":2,"name":"Blog"}]},{"@type":"WebSite","@id":"https:\/\/wjednastrone.pl\/#website","url":"https:\/\/wjednastrone.pl\/","name":"W jedn\u0105 stron\u0119","description":"S\u0142owa w \u0142a\u0144cuch wplecione","potentialAction":[{"@type":"SearchAction","target":{"@type":"EntryPoint","urlTemplate":"https:\/\/wjednastrone.pl\/?s={search_term_string}"},"query-input":"required name=search_term_string"}],"inLanguage":"pl-PL"}]}},"uagb_featured_image_src":{"full":false,"thumbnail":false,"medium":false,"medium_large":false,"large":false,"1536x1536":false,"2048x2048":false,"post-thumbnail":false,"imagegridly-grid":false,"imagegridly-slider":false,"imagegridly-small":false},"uagb_author_info":{"display_name":"admin","author_link":"https:\/\/wjednastrone.pl\/?author=1"},"uagb_comment_info":0,"uagb_excerpt":null,"_links":{"self":[{"href":"https:\/\/wjednastrone.pl\/index.php?rest_route=\/wp\/v2\/pages\/35"}],"collection":[{"href":"https:\/\/wjednastrone.pl\/index.php?rest_route=\/wp\/v2\/pages"}],"about":[{"href":"https:\/\/wjednastrone.pl\/index.php?rest_route=\/wp\/v2\/types\/page"}],"author":[{"embeddable":true,"href":"https:\/\/wjednastrone.pl\/index.php?rest_route=\/wp\/v2\/users\/1"}],"replies":[{"embeddable":true,"href":"https:\/\/wjednastrone.pl\/index.php?rest_route=%2Fwp%2Fv2%2Fcomments&post=35"}],"version-history":[{"count":1,"href":"https:\/\/wjednastrone.pl\/index.php?rest_route=\/wp\/v2\/pages\/35\/revisions"}],"predecessor-version":[{"id":40,"href":"https:\/\/wjednastrone.pl\/index.php?rest_route=\/wp\/v2\/pages\/35\/revisions\/40"}],"wp:attachment":[{"href":"https:\/\/wjednastrone.pl\/index.php?rest_route=%2Fwp%2Fv2%2Fmedia&parent=35"}],"curies":[{"name":"wp","href":"https:\/\/api.w.org\/{rel}","templated":true}]}}