{"id":34,"date":"2020-03-29T16:28:58","date_gmt":"2020-03-29T14:28:58","guid":{"rendered":"http:\/\/wordpress1945852.home.pl\/autoinstalator\/wordpressplugins1\/?page_id=34"},"modified":"2020-12-27T20:27:03","modified_gmt":"2020-12-27T19:27:03","slug":"kontakt","status":"publish","type":"page","link":"https:\/\/wjednastrone.pl\/?page_id=34","title":{"rendered":"Kontakt"},"content":{"rendered":"\n<p class=\"has-text-align-center\">Zapraszam do&nbsp;zaobserwowania:<\/p>\n\n\n\n<p align=\"center\">\n<a href=\"https:\/\/www.strava.com\/athletes\/56667879\"> <img decoding=\"async\" style=\"margin-left: 0px\" src=\"https:\/\/d3nn82uaxijpm6.cloudfront.net\/assets\/settings\/badges\/32-d299b211d62f121b7cff7e63bd0bd9655fdfa65ad0415d7baf17e4c2adc2bfd3.png\"> <\/a>\n\n\n<a href=\"https:\/\/www.komoot.com\/user\/919932917129\">\n<img decoding=\"async\" loading=\"lazy\" width=\"32\" height=\"32\" style=\"margin-left: 8px\" src=\"https:\/\/pbs.twimg.com\/profile_images\/719544132499320832\/vtvrIX1d.jpg\">\n<\/a>\n<\/p>\n<hr>\n\n\n\n<p class=\"has-text-align-center\">&#8230;oraz napisania:<\/p>\n\n\n\n<div class=\"wp-block-group\"><div class=\"wp-block-group__inner-container is-layout-flow\">\n<ul class=\"wp-block-social-links aligncenter is-layout-flex\">\n\n\n\n\n\n\n\n\n\n\n\n<li class=\"wp-social-link wp-social-link-mail wp-block-social-link\"><a href=\"mailto:przemek@wjednastrone.pl\" class=\"wp-block-social-link-anchor\"><svg width=\"24\" height=\"24\" viewBox=\"0 0 24 24\" version=\"1.1\" xmlns=\"http:\/\/www.w3.org\/2000\/svg\" aria-hidden=\"true\" focusable=\"false\"><path d=\"M20,4H4C2.895,4,2,4.895,2,6v12c0,1.105,0.895,2,2,2h16c1.105,0,2-0.895,2-2V6C22,4.895,21.105,4,20,4z M20,8.236l-8,4.882 L4,8.236V6h16V8.236z\"><\/path><\/svg><span class=\"wp-block-social-link-label screen-reader-text\">Mail<\/span><\/a><\/li><\/ul>\n<\/div><\/div>\n\n\n\n<ul class=\"wp-block-social-links alignright is-style-default is-layout-flex\">\n\n\n\n\n\n\n\n\n\n<\/ul>\n","protected":false},"excerpt":{"rendered":"<p>Zapraszam do&nbsp;zaobserwowania: &#8230;oraz napisania:<\/p>\n","protected":false},"author":1,"featured_media":0,"parent":0,"menu_order":0,"comment_status":"closed","ping_status":"closed","template":"","meta":{"_uag_custom_page_level_css":"","_mi_skip_tracking":false},"yoast_head":"<!-- This site is optimized with the Yoast SEO plugin v20.6 - https:\/\/yoast.com\/wordpress\/plugins\/seo\/ -->\n<title>Kontakt - W jedn\u0105 stron\u0119<\/title>\n<meta name=\"robots\" content=\"index, follow, max-snippet:-1, max-image-preview:large, max-video-preview:-1\" \/>\n<link rel=\"canonical\" href=\"https:\/\/wjednastrone.pl\/?page_id=34\" \/>\n<meta property=\"og:locale\" content=\"pl_PL\" \/>\n<meta property=\"og:type\" content=\"article\" \/>\n<meta property=\"og:title\" content=\"Kontakt - W jedn\u0105 stron\u0119\" \/>\n<meta property=\"og:description\" content=\"Zapraszam do&nbsp;zaobserwowania: &#8230;oraz napisania:\" \/>\n<meta property=\"og:url\" content=\"https:\/\/wjednastrone.pl\/?page_id=34\" \/>\n<meta property=\"og:site_name\" content=\"W jedn\u0105 stron\u0119\" \/>\n<meta property=\"article:modified_time\" content=\"2020-12-27T19:27:03+00:00\" \/>\n<meta property=\"og:image\" content=\"https:\/\/d3nn82uaxijpm6.cloudfront.net\/assets\/settings\/badges\/32-d299b211d62f121b7cff7e63bd0bd9655fdfa65ad0415d7baf17e4c2adc2bfd3.png\" \/>\n<meta name=\"twitter:card\" content=\"summary_large_image\" \/>\n<script type=\"application\/ld+json\" class=\"yoast-schema-graph\">{\"@context\":\"https:\/\/schema.org\",\"@graph\":[{\"@type\":\"WebPage\",\"@id\":\"https:\/\/wjednastrone.pl\/?page_id=34\",\"url\":\"https:\/\/wjednastrone.pl\/?page_id=34\",\"name\":\"Kontakt - W jedn\u0105 stron\u0119\",\"isPartOf\":{\"@id\":\"https:\/\/wjednastrone.pl\/#website\"},\"datePublished\":\"2020-03-29T14:28:58+00:00\",\"dateModified\":\"2020-12-27T19:27:03+00:00\",\"breadcrumb\":{\"@id\":\"https:\/\/wjednastrone.pl\/?page_id=34#breadcrumb\"},\"inLanguage\":\"pl-PL\",\"potentialAction\":[{\"@type\":\"ReadAction\",\"target\":[\"https:\/\/wjednastrone.pl\/?page_id=34\"]}]},{\"@type\":\"BreadcrumbList\",\"@id\":\"https:\/\/wjednastrone.pl\/?page_id=34#breadcrumb\",\"itemListElement\":[{\"@type\":\"ListItem\",\"position\":1,\"name\":\"Home\",\"item\":\"https:\/\/wjednastrone.pl\/\"},{\"@type\":\"ListItem\",\"position\":2,\"name\":\"Kontakt\"}]},{\"@type\":\"WebSite\",\"@id\":\"https:\/\/wjednastrone.pl\/#website\",\"url\":\"https:\/\/wjednastrone.pl\/\",\"name\":\"W jedn\u0105 stron\u0119\",\"description\":\"S\u0142owa w \u0142a\u0144cuch wplecione\",\"potentialAction\":[{\"@type\":\"SearchAction\",\"target\":{\"@type\":\"EntryPoint\",\"urlTemplate\":\"https:\/\/wjednastrone.pl\/?s={search_term_string}\"},\"query-input\":\"required name=search_term_string\"}],\"inLanguage\":\"pl-PL\"}]}<\/script>\n<!-- \/ Yoast SEO plugin. -->","yoast_head_json":{"title":"Kontakt - W jedn\u0105 stron\u0119","robots":{"index":"index","follow":"follow","max-snippet":"max-snippet:-1","max-image-preview":"max-image-preview:large","max-video-preview":"max-video-preview:-1"},"canonical":"https:\/\/wjednastrone.pl\/?page_id=34","og_locale":"pl_PL","og_type":"article","og_title":"Kontakt - W jedn\u0105 stron\u0119","og_description":"Zapraszam do&nbsp;zaobserwowania: &#8230;oraz napisania:","og_url":"https:\/\/wjednastrone.pl\/?page_id=34","og_site_name":"W jedn\u0105 stron\u0119","article_modified_time":"2020-12-27T19:27:03+00:00","og_image":[{"url":"https:\/\/d3nn82uaxijpm6.cloudfront.net\/assets\/settings\/badges\/32-d299b211d62f121b7cff7e63bd0bd9655fdfa65ad0415d7baf17e4c2adc2bfd3.png"}],"twitter_card":"summary_large_image","schema":{"@context":"https:\/\/schema.org","@graph":[{"@type":"WebPage","@id":"https:\/\/wjednastrone.pl\/?page_id=34","url":"https:\/\/wjednastrone.pl\/?page_id=34","name":"Kontakt - W jedn\u0105 stron\u0119","isPartOf":{"@id":"https:\/\/wjednastrone.pl\/#website"},"datePublished":"2020-03-29T14:28:58+00:00","dateModified":"2020-12-27T19:27:03+00:00","breadcrumb":{"@id":"https:\/\/wjednastrone.pl\/?page_id=34#breadcrumb"},"inLanguage":"pl-PL","potentialAction":[{"@type":"ReadAction","target":["https:\/\/wjednastrone.pl\/?page_id=34"]}]},{"@type":"BreadcrumbList","@id":"https:\/\/wjednastrone.pl\/?page_id=34#breadcrumb","itemListElement":[{"@type":"ListItem","position":1,"name":"Home","item":"https:\/\/wjednastrone.pl\/"},{"@type":"ListItem","position":2,"name":"Kontakt"}]},{"@type":"WebSite","@id":"https:\/\/wjednastrone.pl\/#website","url":"https:\/\/wjednastrone.pl\/","name":"W jedn\u0105 stron\u0119","description":"S\u0142owa w \u0142a\u0144cuch wplecione","potentialAction":[{"@type":"SearchAction","target":{"@type":"EntryPoint","urlTemplate":"https:\/\/wjednastrone.pl\/?s={search_term_string}"},"query-input":"required name=search_term_string"}],"inLanguage":"pl-PL"}]}},"uagb_featured_image_src":{"full":false,"thumbnail":false,"medium":false,"medium_large":false,"large":false,"1536x1536":false,"2048x2048":false,"post-thumbnail":false,"imagegridly-grid":false,"imagegridly-slider":false,"imagegridly-small":false},"uagb_author_info":{"display_name":"admin","author_link":"https:\/\/wjednastrone.pl\/?author=1"},"uagb_comment_info":0,"uagb_excerpt":"Zapraszam do&nbsp;zaobserwowania: &#8230;oraz napisania:","_links":{"self":[{"href":"https:\/\/wjednastrone.pl\/index.php?rest_route=\/wp\/v2\/pages\/34"}],"collection":[{"href":"https:\/\/wjednastrone.pl\/index.php?rest_route=\/wp\/v2\/pages"}],"about":[{"href":"https:\/\/wjednastrone.pl\/index.php?rest_route=\/wp\/v2\/types\/page"}],"author":[{"embeddable":true,"href":"https:\/\/wjednastrone.pl\/index.php?rest_route=\/wp\/v2\/users\/1"}],"replies":[{"embeddable":true,"href":"https:\/\/wjednastrone.pl\/index.php?rest_route=%2Fwp%2Fv2%2Fcomments&post=34"}],"version-history":[{"count":50,"href":"https:\/\/wjednastrone.pl\/index.php?rest_route=\/wp\/v2\/pages\/34\/revisions"}],"predecessor-version":[{"id":780,"href":"https:\/\/wjednastrone.pl\/index.php?rest_route=\/wp\/v2\/pages\/34\/revisions\/780"}],"wp:attachment":[{"href":"https:\/\/wjednastrone.pl\/index.php?rest_route=%2Fwp%2Fv2%2Fmedia&parent=34"}],"curies":[{"name":"wp","href":"https:\/\/api.w.org\/{rel}","templated":true}]}}