{"id":33,"date":"2020-03-29T16:28:58","date_gmt":"2020-03-29T14:28:58","guid":{"rendered":"http:\/\/wordpress1945852.home.pl\/autoinstalator\/wordpressplugins1\/?page_id=33"},"modified":"2020-05-01T20:32:47","modified_gmt":"2020-05-01T18:32:47","slug":"o-nas","status":"publish","type":"page","link":"https:\/\/wjednastrone.pl\/?page_id=33","title":{"rendered":"O mnie"},"content":{"rendered":"\n<figure class=\"wp-block-image size-large\"><img decoding=\"async\" loading=\"lazy\" width=\"1024\" height=\"575\" src=\"https:\/\/wjednastrone.pl\/wp-content\/uploads\/2020\/05\/DSC02915-1024x575.jpg\" alt=\"\" class=\"wp-image-351\" srcset=\"https:\/\/wjednastrone.pl\/wp-content\/uploads\/2020\/05\/DSC02915-1024x575.jpg 1024w, https:\/\/wjednastrone.pl\/wp-content\/uploads\/2020\/05\/DSC02915-300x168.jpg 300w, https:\/\/wjednastrone.pl\/wp-content\/uploads\/2020\/05\/DSC02915-768x431.jpg 768w, https:\/\/wjednastrone.pl\/wp-content\/uploads\/2020\/05\/DSC02915-1536x863.jpg 1536w, https:\/\/wjednastrone.pl\/wp-content\/uploads\/2020\/05\/DSC02915-2048x1150.jpg 2048w, https:\/\/wjednastrone.pl\/wp-content\/uploads\/2020\/05\/DSC02915-850x477.jpg 850w\" sizes=\"(max-width: 1024px) 100vw, 1024px\" \/><\/figure>\n\n\n\n<p>Je\u017cd\u017c\u0119 rowerem.<\/p>\n\n\n\n<p>Nie od razu posiad\u0142em t\u0119 sztuk\u0119, bo&nbsp;dopiero w&nbsp;okolicach dziesi\u0105tego roku \u017cycia, st\u0105d w&nbsp;wieku p\u00f3\u017aniejszym nadrabiam, gdy jest ku&nbsp;temu okazja. Najbardziej lubi\u0119, gdy koniec drogi jest daleko od jej pocz\u0105tku, gdy aby&nbsp;dotrze\u0107 do&nbsp;startu lub&nbsp;mety u\u017cywam poci\u0105g\u00f3w, kt\u00f3rymi jazd\u0119 polubi\u0142em du\u017co przed dziesi\u0105tym rokiem \u017cycia.<\/p>\n\n\n\n<p>Najcz\u0119\u015bciej przemierzam drogi Dolnego \u015al\u0105ska i&nbsp;okolic. Mog\u0119 powiedzie\u0107, \u017ce&nbsp;to moje miejsca, przynajmniej przez&nbsp;wi\u0119kszo\u015b\u0107 dotychczasowego \u017cycia. Czy&nbsp;to ju\u017c tak b\u0119dzie? Kto wie\u2026<\/p>\n\n\n\n<p>Trudno mi za&nbsp;to sobie przypomnie\u0107 od kiedy lubi\u0119 s\u0142owa. Jestem sk\u0142onny przypuszcza\u0107, \u017ce&nbsp;d\u0142u\u017cej, ni\u017c jazd\u0119 na&nbsp;rowerze. I&nbsp;wreszcie \u2013 zdj\u0119cia. W&nbsp;tym zakresie czuj\u0119 si\u0119 jakbym dopiero otwiera\u0142 oczy, i&nbsp;\u017ce wiele jeszcze przede mn\u0105.<\/p>\n\n\n\n<p>Wszystko to niech si\u0119 tu \u0142\u0105czy i&nbsp;miesza.<\/p>\n\n\n\n<p>Zapraszam,<br>Przemek<\/p>\n","protected":false},"excerpt":{"rendered":"<p>Je\u017cd\u017c\u0119 rowerem. Nie od razu posiad\u0142em t\u0119 sztuk\u0119, bo&nbsp;dopiero w&nbsp;okolicach dziesi\u0105tego roku \u017cycia, st\u0105d w&nbsp;wieku p\u00f3\u017aniejszym nadrabiam, gdy jest ku&nbsp;temu okazja. Najbardziej lubi\u0119, gdy koniec drogi jest daleko od jej pocz\u0105tku, gdy aby&nbsp;dotrze\u0107 do&nbsp;startu lub&nbsp;mety u\u017cywam poci\u0105g\u00f3w, kt\u00f3rymi jazd\u0119 polubi\u0142em du\u017co przed dziesi\u0105tym rokiem \u017cycia. Najcz\u0119\u015bciej przemierzam drogi Dolnego \u015al\u0105ska i&nbsp;okolic. Mog\u0119 powiedzie\u0107, \u017ce&nbsp;to moje&#8230;<\/p>\n","protected":false},"author":1,"featured_media":0,"parent":0,"menu_order":0,"comment_status":"closed","ping_status":"closed","template":"","meta":{"_uag_custom_page_level_css":"","_mi_skip_tracking":false},"yoast_head":"<!-- This site is optimized with the Yoast SEO plugin v20.6 - https:\/\/yoast.com\/wordpress\/plugins\/seo\/ -->\n<title>O mnie - W jedn\u0105 stron\u0119<\/title>\n<meta name=\"robots\" content=\"index, follow, max-snippet:-1, max-image-preview:large, max-video-preview:-1\" \/>\n<link rel=\"canonical\" href=\"https:\/\/wjednastrone.pl\/?page_id=33\" \/>\n<meta property=\"og:locale\" content=\"pl_PL\" \/>\n<meta property=\"og:type\" content=\"article\" \/>\n<meta property=\"og:title\" content=\"O mnie - W jedn\u0105 stron\u0119\" \/>\n<meta property=\"og:description\" content=\"Je\u017cd\u017c\u0119 rowerem. Nie od razu posiad\u0142em t\u0119 sztuk\u0119, bo&nbsp;dopiero w&nbsp;okolicach dziesi\u0105tego roku \u017cycia, st\u0105d w&nbsp;wieku p\u00f3\u017aniejszym nadrabiam, gdy jest ku&nbsp;temu okazja. Najbardziej lubi\u0119, gdy koniec drogi jest daleko od jej pocz\u0105tku, gdy aby&nbsp;dotrze\u0107 do&nbsp;startu lub&nbsp;mety u\u017cywam poci\u0105g\u00f3w, kt\u00f3rymi jazd\u0119 polubi\u0142em du\u017co przed dziesi\u0105tym rokiem \u017cycia. Najcz\u0119\u015bciej przemierzam drogi Dolnego \u015al\u0105ska i&nbsp;okolic. Mog\u0119 powiedzie\u0107, \u017ce&nbsp;to moje...\" \/>\n<meta property=\"og:url\" content=\"https:\/\/wjednastrone.pl\/?page_id=33\" \/>\n<meta property=\"og:site_name\" content=\"W jedn\u0105 stron\u0119\" \/>\n<meta property=\"article:modified_time\" content=\"2020-05-01T18:32:47+00:00\" \/>\n<meta property=\"og:image\" content=\"https:\/\/wjednastrone.pl\/wp-content\/uploads\/2020\/05\/DSC02915-1024x575.jpg\" \/>\n<meta name=\"twitter:card\" content=\"summary_large_image\" \/>\n<meta name=\"twitter:label1\" content=\"Szacowany czas czytania\" \/>\n\t<meta name=\"twitter:data1\" content=\"1 minuta\" \/>\n<script type=\"application\/ld+json\" class=\"yoast-schema-graph\">{\"@context\":\"https:\/\/schema.org\",\"@graph\":[{\"@type\":\"WebPage\",\"@id\":\"https:\/\/wjednastrone.pl\/?page_id=33\",\"url\":\"https:\/\/wjednastrone.pl\/?page_id=33\",\"name\":\"O mnie - W jedn\u0105 stron\u0119\",\"isPartOf\":{\"@id\":\"https:\/\/wjednastrone.pl\/#website\"},\"datePublished\":\"2020-03-29T14:28:58+00:00\",\"dateModified\":\"2020-05-01T18:32:47+00:00\",\"breadcrumb\":{\"@id\":\"https:\/\/wjednastrone.pl\/?page_id=33#breadcrumb\"},\"inLanguage\":\"pl-PL\",\"potentialAction\":[{\"@type\":\"ReadAction\",\"target\":[\"https:\/\/wjednastrone.pl\/?page_id=33\"]}]},{\"@type\":\"BreadcrumbList\",\"@id\":\"https:\/\/wjednastrone.pl\/?page_id=33#breadcrumb\",\"itemListElement\":[{\"@type\":\"ListItem\",\"position\":1,\"name\":\"Home\",\"item\":\"https:\/\/wjednastrone.pl\/\"},{\"@type\":\"ListItem\",\"position\":2,\"name\":\"O mnie\"}]},{\"@type\":\"WebSite\",\"@id\":\"https:\/\/wjednastrone.pl\/#website\",\"url\":\"https:\/\/wjednastrone.pl\/\",\"name\":\"W jedn\u0105 stron\u0119\",\"description\":\"S\u0142owa w \u0142a\u0144cuch wplecione\",\"potentialAction\":[{\"@type\":\"SearchAction\",\"target\":{\"@type\":\"EntryPoint\",\"urlTemplate\":\"https:\/\/wjednastrone.pl\/?s={search_term_string}\"},\"query-input\":\"required name=search_term_string\"}],\"inLanguage\":\"pl-PL\"}]}<\/script>\n<!-- \/ Yoast SEO plugin. -->","yoast_head_json":{"title":"O mnie - W jedn\u0105 stron\u0119","robots":{"index":"index","follow":"follow","max-snippet":"max-snippet:-1","max-image-preview":"max-image-preview:large","max-video-preview":"max-video-preview:-1"},"canonical":"https:\/\/wjednastrone.pl\/?page_id=33","og_locale":"pl_PL","og_type":"article","og_title":"O mnie - W jedn\u0105 stron\u0119","og_description":"Je\u017cd\u017c\u0119 rowerem. Nie od razu posiad\u0142em t\u0119 sztuk\u0119, bo&nbsp;dopiero w&nbsp;okolicach dziesi\u0105tego roku \u017cycia, st\u0105d w&nbsp;wieku p\u00f3\u017aniejszym nadrabiam, gdy jest ku&nbsp;temu okazja. Najbardziej lubi\u0119, gdy koniec drogi jest daleko od jej pocz\u0105tku, gdy aby&nbsp;dotrze\u0107 do&nbsp;startu lub&nbsp;mety u\u017cywam poci\u0105g\u00f3w, kt\u00f3rymi jazd\u0119 polubi\u0142em du\u017co przed dziesi\u0105tym rokiem \u017cycia. Najcz\u0119\u015bciej przemierzam drogi Dolnego \u015al\u0105ska i&nbsp;okolic. Mog\u0119 powiedzie\u0107, \u017ce&nbsp;to moje...","og_url":"https:\/\/wjednastrone.pl\/?page_id=33","og_site_name":"W jedn\u0105 stron\u0119","article_modified_time":"2020-05-01T18:32:47+00:00","og_image":[{"url":"https:\/\/wjednastrone.pl\/wp-content\/uploads\/2020\/05\/DSC02915-1024x575.jpg"}],"twitter_card":"summary_large_image","twitter_misc":{"Szacowany czas czytania":"1 minuta"},"schema":{"@context":"https:\/\/schema.org","@graph":[{"@type":"WebPage","@id":"https:\/\/wjednastrone.pl\/?page_id=33","url":"https:\/\/wjednastrone.pl\/?page_id=33","name":"O mnie - W jedn\u0105 stron\u0119","isPartOf":{"@id":"https:\/\/wjednastrone.pl\/#website"},"datePublished":"2020-03-29T14:28:58+00:00","dateModified":"2020-05-01T18:32:47+00:00","breadcrumb":{"@id":"https:\/\/wjednastrone.pl\/?page_id=33#breadcrumb"},"inLanguage":"pl-PL","potentialAction":[{"@type":"ReadAction","target":["https:\/\/wjednastrone.pl\/?page_id=33"]}]},{"@type":"BreadcrumbList","@id":"https:\/\/wjednastrone.pl\/?page_id=33#breadcrumb","itemListElement":[{"@type":"ListItem","position":1,"name":"Home","item":"https:\/\/wjednastrone.pl\/"},{"@type":"ListItem","position":2,"name":"O mnie"}]},{"@type":"WebSite","@id":"https:\/\/wjednastrone.pl\/#website","url":"https:\/\/wjednastrone.pl\/","name":"W jedn\u0105 stron\u0119","description":"S\u0142owa w \u0142a\u0144cuch wplecione","potentialAction":[{"@type":"SearchAction","target":{"@type":"EntryPoint","urlTemplate":"https:\/\/wjednastrone.pl\/?s={search_term_string}"},"query-input":"required name=search_term_string"}],"inLanguage":"pl-PL"}]}},"uagb_featured_image_src":{"full":false,"thumbnail":false,"medium":false,"medium_large":false,"large":false,"1536x1536":false,"2048x2048":false,"post-thumbnail":false,"imagegridly-grid":false,"imagegridly-slider":false,"imagegridly-small":false},"uagb_author_info":{"display_name":"admin","author_link":"https:\/\/wjednastrone.pl\/?author=1"},"uagb_comment_info":0,"uagb_excerpt":"Je\u017cd\u017c\u0119 rowerem. Nie od razu posiad\u0142em t\u0119 sztuk\u0119, bo&nbsp;dopiero w&nbsp;okolicach dziesi\u0105tego roku \u017cycia, st\u0105d w&nbsp;wieku p\u00f3\u017aniejszym nadrabiam, gdy jest ku&nbsp;temu okazja. Najbardziej lubi\u0119, gdy koniec drogi jest daleko od jej pocz\u0105tku, gdy aby&nbsp;dotrze\u0107 do&nbsp;startu lub&nbsp;mety u\u017cywam poci\u0105g\u00f3w, kt\u00f3rymi jazd\u0119 polubi\u0142em du\u017co przed dziesi\u0105tym rokiem \u017cycia. Najcz\u0119\u015bciej przemierzam drogi Dolnego \u015al\u0105ska i&nbsp;okolic. Mog\u0119 powiedzie\u0107, \u017ce&nbsp;to moje...","_links":{"self":[{"href":"https:\/\/wjednastrone.pl\/index.php?rest_route=\/wp\/v2\/pages\/33"}],"collection":[{"href":"https:\/\/wjednastrone.pl\/index.php?rest_route=\/wp\/v2\/pages"}],"about":[{"href":"https:\/\/wjednastrone.pl\/index.php?rest_route=\/wp\/v2\/types\/page"}],"author":[{"embeddable":true,"href":"https:\/\/wjednastrone.pl\/index.php?rest_route=\/wp\/v2\/users\/1"}],"replies":[{"embeddable":true,"href":"https:\/\/wjednastrone.pl\/index.php?rest_route=%2Fwp%2Fv2%2Fcomments&post=33"}],"version-history":[{"count":5,"href":"https:\/\/wjednastrone.pl\/index.php?rest_route=\/wp\/v2\/pages\/33\/revisions"}],"predecessor-version":[{"id":353,"href":"https:\/\/wjednastrone.pl\/index.php?rest_route=\/wp\/v2\/pages\/33\/revisions\/353"}],"wp:attachment":[{"href":"https:\/\/wjednastrone.pl\/index.php?rest_route=%2Fwp%2Fv2%2Fmedia&parent=33"}],"curies":[{"name":"wp","href":"https:\/\/api.w.org\/{rel}","templated":true}]}}